{"id":7,"date":"2014-04-10T10:15:54","date_gmt":"2014-04-10T08:15:54","guid":{"rendered":"http:\/\/sruester.wordpress.com\/?page_id=4"},"modified":"2025-03-10T10:45:51","modified_gmt":"2025-03-10T10:45:51","slug":"startseite","status":"publish","type":"page","link":"https:\/\/susanneruester.de\/","title":{"rendered":"Susanne R\u00fcster Krimi-Autorin"},"content":{"rendered":"\n<p><\/p>\n\n\n\n<p><\/p>\n\n\n\n<p><\/p>\n\n\n\n<p><\/p>\n\n\n<p><strong>Willkommen auf meiner Website! <\/strong><\/p>\n<p>Hier erfahren Sie Neues \u00fcber mich und mein Schreiben. Sie finden einen \u00dcberblick \u00fcber meine Publikationen, Lesetermine und interessante Links.<\/p>","protected":false},"excerpt":{"rendered":"<p>Willkommen auf meiner Website! Hier erfahren Sie Neues \u00fcber mich und mein Schreiben. Sie finden einen \u00dcberblick \u00fcber meine Publikationen, Lesetermine und interessante Links.<\/p>\n","protected":false},"author":1,"featured_media":7282,"parent":0,"menu_order":0,"comment_status":"closed","ping_status":"open","template":"","meta":{"footnotes":""},"class_list":["post-7","page","type-page","status-publish","has-post-thumbnail","hentry"],"jetpack_sharing_enabled":true,"_links":{"self":[{"href":"https:\/\/susanneruester.de\/index.php?rest_route=\/wp\/v2\/pages\/7","targetHints":{"allow":["GET"]}}],"collection":[{"href":"https:\/\/susanneruester.de\/index.php?rest_route=\/wp\/v2\/pages"}],"about":[{"href":"https:\/\/susanneruester.de\/index.php?rest_route=\/wp\/v2\/types\/page"}],"author":[{"embeddable":true,"href":"https:\/\/susanneruester.de\/index.php?rest_route=\/wp\/v2\/users\/1"}],"replies":[{"embeddable":true,"href":"https:\/\/susanneruester.de\/index.php?rest_route=%2Fwp%2Fv2%2Fcomments&post=7"}],"version-history":[{"count":9,"href":"https:\/\/susanneruester.de\/index.php?rest_route=\/wp\/v2\/pages\/7\/revisions"}],"predecessor-version":[{"id":11585,"href":"https:\/\/susanneruester.de\/index.php?rest_route=\/wp\/v2\/pages\/7\/revisions\/11585"}],"wp:featuredmedia":[{"embeddable":true,"href":"https:\/\/susanneruester.de\/index.php?rest_route=\/wp\/v2\/media\/7282"}],"wp:attachment":[{"href":"https:\/\/susanneruester.de\/index.php?rest_route=%2Fwp%2Fv2%2Fmedia&parent=7"}],"curies":[{"name":"wp","href":"https:\/\/api.w.org\/{rel}","templated":true}]}}