{"id":6,"date":"2014-04-10T08:04:17","date_gmt":"2014-04-10T08:04:17","guid":{"rendered":"http:\/\/sruester.wordpress.com\/?page_id=1"},"modified":"2026-04-03T18:30:28","modified_gmt":"2026-04-03T18:30:28","slug":"eine-seite","status":"publish","type":"page","link":"https:\/\/susanneruester.de\/?page_id=6","title":{"rendered":"Vita"},"content":{"rendered":"\n<p>Susanne R\u00fcster studierte Jura und promovierte an der Freien Universit\u00e4t Berlin. Sie war als Staatsanw\u00e4ltin und Richterin t\u00e4tig. Derzeit arbeitet sie als Ermittlungsf\u00fchrerin bei einer Psychotherapeutenkammer.<\/p>\n\n\n\n<p>Weil sie literarische Fremdg\u00e4nge liebt, entstanden u. a. etliche, in Zeitschriften\/Anthologien ver\u00f6ffentlichte, Kriminalgeschichten. Dem Ermittlerkrimi hat sie sich verschrieben, weil sie von Berufs wegen wei\u00df, wie T\u00e4ter vorgehen und Ermittler analysieren. In ihren Romanen widmet sie sich gern sozialpolitischen Themen.<\/p>\n\n\n\n<p>So spielt ihr Debut-Krimi&nbsp;<a href=\"https:\/\/susanneruester.de\/?page_id=17\">\u201eDer letzte Tanz \u2013 Kreuzberg explosiv\u201d<\/a>&nbsp;vor dem Hintergrund der Gentrifizierung in Berlin-Friedrichshain-Kreuzberg (2012).<\/p>\n\n\n\n<p>Susanne R\u00fcsters zweiter Kriminalroman&nbsp;<a href=\"https:\/\/susanneruester.de\/?page_id=17\">\u201eZu hoch hinaus\u201d<\/a>, besch\u00e4ftigt sich mit der deutsch-deutschen Vergangenheit und f\u00fchrt die Ermittler zu Immobiliengesch\u00e4ften nach Russland (2015).<\/p>\n\n\n\n<p>Es folgte eine Trilogie um den Potsdamer Kommissar Uwe Wolff \u2013 inspiriert von ihrer beruflichen Heimat Babelsberg. Der Krimi&nbsp;<a href=\"https:\/\/susanneruester.de\/?page_id=17\">\u201eAbgedreht\u201c<\/a>(2015) f\u00fchrt hinter die Kulissen der Filmwelt.<\/p>\n\n\n\n<p>Im Krimi&nbsp;<a href=\"https:\/\/susanneruester.de\/?page_id=17\">\u201eLandj\u00e4ger\u201c<\/a>&nbsp;(2017) geht es um den gewaltsamen Tod einer Regierungsr\u00e4tin im Zusammenhang mit der Errichtung einer umstrittenen Wellness-Anlage in einem brandenburgischen Dorf.<\/p>\n\n\n\n<p>Der dritte Teil&nbsp;<a href=\"https:\/\/susanneruester.de\/?page_id=17\">\u201eRaubLust\u201c<\/a>&nbsp;(2019) f\u00fchrt Kommissar Wolff bei der Aufkl\u00e4rung der Mordes an einer Enth\u00fcllungsjournalistin in das unbekannte und nicht immer hehre Gesch\u00e4ft mit der bildenden Kunst.<\/p>\n\n\n\n<p><strong><em>Im M\u00e4rz 2026 ist ihr Kriminalroman <a href=\"https:\/\/susanneruester.de\/?page_id=17\">\u201eT\u00f6dliche Abrechnung\u201c <\/a>erschienen. Staatsanw\u00e4ltin Natalia Kaiser und Kommissar Michael Pfeil m\u00fcssen sich in der unbekannten Welt einer renommierten Potsdamer Klinik durchsetzen, um die T\u00e4ter zu \u00fcberf\u00fchren.<\/em><\/strong><\/p>\n\n\n\n<p>Weitere Beitr\u00e4ge von ihr sind u. a. auf der Website der&nbsp;<a href=\"https:\/\/www.moerderische-schwestern-berlin.de\/\" target=\"_blank\" rel=\"noreferrer noopener\">M\u00f6rderischen Schwestern<\/a>&nbsp;und&nbsp;<em><a href=\"http:\/\/www.berlinkriminell.de\/\">www.berlinkriminell.de<\/a><\/em>&nbsp;zu finden.<\/p>\n\n\n\n<p>Sie ist Mitglied der Autorenvereinigungen der\u00a0<a href=\"https:\/\/www.moerderische-schwestern-berlin.de\/\" target=\"_blank\" rel=\"noreferrer noopener\">M\u00f6rderischen Schwestern<\/a>, des\u00a0<a href=\"https:\/\/www.das-syndikat.com\/\" target=\"_blank\" rel=\"noreferrer noopener\">Syndikats<\/a>\u00a0und des <a href=\"http:\/\/literaturkollegium.de\/mitglieder\/leseproben\/susanne%20r%C3%BCster.html\" target=\"_blank\" rel=\"noreferrer noopener\">Literatur-Kollegium Brandenburg<\/a>.<\/p>\n\n\n\n<p><\/p>\n","protected":false},"excerpt":{"rendered":"<p>undefined<\/p>\n","protected":false},"author":1,"featured_media":7350,"parent":0,"menu_order":0,"comment_status":"closed","ping_status":"open","template":"","meta":{"footnotes":""},"class_list":["post-6","page","type-page","status-publish","has-post-thumbnail","hentry"],"jetpack_sharing_enabled":true,"_links":{"self":[{"href":"https:\/\/susanneruester.de\/index.php?rest_route=\/wp\/v2\/pages\/6","targetHints":{"allow":["GET"]}}],"collection":[{"href":"https:\/\/susanneruester.de\/index.php?rest_route=\/wp\/v2\/pages"}],"about":[{"href":"https:\/\/susanneruester.de\/index.php?rest_route=\/wp\/v2\/types\/page"}],"author":[{"embeddable":true,"href":"https:\/\/susanneruester.de\/index.php?rest_route=\/wp\/v2\/users\/1"}],"replies":[{"embeddable":true,"href":"https:\/\/susanneruester.de\/index.php?rest_route=%2Fwp%2Fv2%2Fcomments&post=6"}],"version-history":[{"count":30,"href":"https:\/\/susanneruester.de\/index.php?rest_route=\/wp\/v2\/pages\/6\/revisions"}],"predecessor-version":[{"id":15073,"href":"https:\/\/susanneruester.de\/index.php?rest_route=\/wp\/v2\/pages\/6\/revisions\/15073"}],"wp:featuredmedia":[{"embeddable":true,"href":"https:\/\/susanneruester.de\/index.php?rest_route=\/wp\/v2\/media\/7350"}],"wp:attachment":[{"href":"https:\/\/susanneruester.de\/index.php?rest_route=%2Fwp%2Fv2%2Fmedia&parent=6"}],"curies":[{"name":"wp","href":"https:\/\/api.w.org\/{rel}","templated":true}]}}