{"id":54,"date":"2014-04-14T10:12:59","date_gmt":"2014-04-14T08:12:59","guid":{"rendered":"http:\/\/susanneruester.de\/?page_id=54"},"modified":"2026-04-03T18:47:46","modified_gmt":"2026-04-03T18:47:46","slug":"interviews","status":"publish","type":"page","link":"https:\/\/susanneruester.de\/?page_id=54","title":{"rendered":"Presse"},"content":{"rendered":"\n<div class=\"wp-block-group is-vertical is-layout-flex wp-container-core-group-is-layout-8cf370e7 wp-block-group-is-layout-flex\">\n<p>Historische Villen, korrupte \u00c4rzte:&nbsp;Susanne R\u00fcster l\u00e4sst ihre Krimis in Babelsberg spielen. Holen Sie sich jetzt einen <a href=\"https:\/\/www.tagesspiegel.de\/potsdam\/landeshauptstadt\/historische-villen-korrupte-arzte-susanne-ruster-lasst-ihre-krimis-in-babelsberg-spielen-15413711.html\">Leseanreiz in der PNN Potsdam HEUTE<\/a>. Susanne R\u00fcster kennt die kriminelle Welt. Doch ihre F\u00e4lle verlegt sie ausgerechnet vor ihre Haust\u00fcr. In ihrem neuen Krimi \u201eT\u00f6dliche Abrechnung\u201c greift sie Missst\u00e4nde im Gesundheitswesen auf.<\/p>\n\n\n\n<p><\/p>\n<\/div>\n\n\n\n<p><\/p>\n\n\n\n<p>Lesung zum internationalen Frauentag (08.03.2026) in der Kulturkirche Luckau<\/p>\n\n\n\n<figure class=\"wp-block-image size-large\"><img loading=\"lazy\" decoding=\"async\" width=\"1024\" height=\"413\" src=\"https:\/\/susanneruester.de\/wp-content\/uploads\/2026\/04\/Bildschirmfoto-2026-04-03-um-20.34.01-1024x413.png\" alt=\"\" class=\"wp-image-15075\" srcset=\"https:\/\/susanneruester.de\/wp-content\/uploads\/2026\/04\/Bildschirmfoto-2026-04-03-um-20.34.01-1024x413.png 1024w, https:\/\/susanneruester.de\/wp-content\/uploads\/2026\/04\/Bildschirmfoto-2026-04-03-um-20.34.01-300x121.png 300w, https:\/\/susanneruester.de\/wp-content\/uploads\/2026\/04\/Bildschirmfoto-2026-04-03-um-20.34.01-768x310.png 768w, https:\/\/susanneruester.de\/wp-content\/uploads\/2026\/04\/Bildschirmfoto-2026-04-03-um-20.34.01-1536x619.png 1536w, https:\/\/susanneruester.de\/wp-content\/uploads\/2026\/04\/Bildschirmfoto-2026-04-03-um-20.34.01.png 1588w\" sizes=\"auto, (max-width: 1024px) 100vw, 1024px\" \/><\/figure>\n\n\n\n<p><\/p>\n\n\n\n<p>&#8222;Wir morden gemeinn\u00fctzig&#8220; ein Interview der <a href=\"https:\/\/www.moz.de\/nachrichten\/kultur\/krimi-romane-autorinnen-in-berlin-unter-sich-_-_wir-morden-gemeinnuetzig_-73310247.html\">MOZ<\/a> mit den &#8222;M\u00f6rderischen Schwestern&#8220; und ihrer Berliner Sprecherin Susanne R\u00fcster (15.03.2024).<\/p>\n\n\n\n<p>Susanne R\u00fcster wurde f\u00fcr die Fernsehserie Haustyrann (Staffel 4 auf TLC)<i>,<\/i> als Staatsanw\u00e4ltin zu einem wahren T\u00f6tungsfall interviewt (2019).<\/p>\n\n\n\n<p>Am 13.10.2016 war Sie zu Gast in der Sendung rbb um 4 und sprach \u00fcber ihren Kriminalroman &#8222;Abgedreht&#8220; sowie \u00fcber ihren Beruf der Richterin.<\/p>\n\n\n\n<p>Die Potsdamer Neuesten Nachrichten ver\u00f6ffentlichten am 31.03.2016 einen <a href=\"https:\/\/www.tagesspiegel.de\/potsdam\/landeshauptstadt\/tatort-babelsberg-7192105.html\">Artikel<\/a> \u00fcber ihren neuen Krimi &#8222;Abgedreht&#8220;.<\/p>\n\n\n\n<p>Anfang M\u00e4rz 2016 stellte der Oderlandspiegel Susanne R\u00fcsters neu erschienenen Roman &#8222;Abgedreht&#8220; vor.<\/p>\n\n\n\n<p>Die M\u00e4rkische Oderzeitung hat am 24.02.2016 einen Artikel \u00fcber Susanne R\u00fcsters Lesung in Seelow verr\u00f6ffentlicht.<\/p>\n\n\n\n<p>In der <a href=\"https:\/\/programm.ard.de\/TV\/Programm\/Alle-Sender\/?sendung=2820516317946743\">rbb Sendung<\/a> &#8222;T\u00e4ter &#8211; Oper &#8211; Polizei&#8220; vom 18.12.2015 wurde ihr Krimi &#8222;Abgedreht&#8220; vorgestellt.<\/p>\n\n\n\n<p>Im Krimi &amp; Thriller Spezial des B\u00f6rsenblatt d\u00fcrfen die <a href=\"http:\/\/www.moerderische-schwestern.eu\/start\/\">M\u00f6rderischen Schwestern<\/a> nicht fehlen<em>. <\/em>Mit dabei auch ein <a href=\"https:\/\/susanneruester.de\/wp-content\/uploads\/2015\/06\/rc3bcster2.jpeg\">Bericht<\/a> \u00fcber Susanne R\u00fcster und ihren aktuellen Krimi &#8222;<a href=\"https:\/\/susanneruester.de\/bucher\/\" target=\"_blank\" rel=\"noopener\">Zu hoch hinaus<\/a>&#8222;.<\/p>\n\n\n\n<p>Die Krimi-Lady Henny Hidden interviewt Susanne R\u00fcster zu ihrem Buch &#8222;Der letzte Tanz: Kreuzberg explosiv!&#8220;<\/p>\n\n\n\n<p>Ein Interview der <a href=\"https:\/\/www.tagesspiegel.de\/potsdam\/potsdam-kultur\/was-macht-eigentlich-eine-staatsanwaltin-7261375.html\">Potsdamer Neuesten Nachrichten<\/a> mit Susanne R\u00fcster \u00fcber die &#8222;M\u00f6rderischen Schwestern&#8220; und ihren Roman &#8222;Der letzte Tanz &#8211; Kreuzberg explosiv&#8220; im Rahmen des &#8222;Mord-Ost-Festivals&#8220; 2013.<\/p>\n\n\n\n<p><\/p>\n\n\n\n<p><\/p>\n","protected":false},"excerpt":{"rendered":"<p>Historische Villen, korrupte \u00c4rzte:&nbsp;Susanne R\u00fcster l\u00e4sst ihre Krimis in Babelsberg spielen. Holen Sie sich jetzt einen Leseanreiz in der PNN Potsdam HEUTE. Susanne R\u00fcster kennt die kriminelle Welt. Doch ihre F\u00e4lle verlegt sie ausgerechnet vor ihre Haust\u00fcr. In ihrem neuen Krimi \u201eT\u00f6dliche Abrechnung\u201c greift sie Missst\u00e4nde im Gesundheitswesen auf. Lesung zum internationalen Frauentag (08.03.2026) in [&hellip;]<\/p>\n","protected":false},"author":1,"featured_media":7280,"parent":0,"menu_order":0,"comment_status":"closed","ping_status":"open","template":"","meta":{"footnotes":""},"class_list":["post-54","page","type-page","status-publish","has-post-thumbnail","hentry"],"jetpack_sharing_enabled":true,"_links":{"self":[{"href":"https:\/\/susanneruester.de\/index.php?rest_route=\/wp\/v2\/pages\/54","targetHints":{"allow":["GET"]}}],"collection":[{"href":"https:\/\/susanneruester.de\/index.php?rest_route=\/wp\/v2\/pages"}],"about":[{"href":"https:\/\/susanneruester.de\/index.php?rest_route=\/wp\/v2\/types\/page"}],"author":[{"embeddable":true,"href":"https:\/\/susanneruester.de\/index.php?rest_route=\/wp\/v2\/users\/1"}],"replies":[{"embeddable":true,"href":"https:\/\/susanneruester.de\/index.php?rest_route=%2Fwp%2Fv2%2Fcomments&post=54"}],"version-history":[{"count":29,"href":"https:\/\/susanneruester.de\/index.php?rest_route=\/wp\/v2\/pages\/54\/revisions"}],"predecessor-version":[{"id":15080,"href":"https:\/\/susanneruester.de\/index.php?rest_route=\/wp\/v2\/pages\/54\/revisions\/15080"}],"wp:featuredmedia":[{"embeddable":true,"href":"https:\/\/susanneruester.de\/index.php?rest_route=\/wp\/v2\/media\/7280"}],"wp:attachment":[{"href":"https:\/\/susanneruester.de\/index.php?rest_route=%2Fwp%2Fv2%2Fmedia&parent=54"}],"curies":[{"name":"wp","href":"https:\/\/api.w.org\/{rel}","templated":true}]}}