{"id":33,"date":"2014-04-11T15:55:36","date_gmt":"2014-04-11T13:55:36","guid":{"rendered":"http:\/\/sruester.wordpress.com\/?page_id=33"},"modified":"2023-09-13T18:28:50","modified_gmt":"2023-09-13T18:28:50","slug":"kontaktimpressum","status":"publish","type":"page","link":"https:\/\/susanneruester.de\/?page_id=33","title":{"rendered":"Kontakt-Impressum"},"content":{"rendered":"<p>Ich freue mich \u00fcber ein Feedback zu meinen B\u00fcchern und Lesungen.<\/p>\n<p>Wenn Sie mich f\u00fcr eine Lesung buchen m\u00f6chten, Interesse an Fotos, Rezensionsexemplaren oder Informationen haben, f\u00fcllen Sie gern nachstehendes Kontaktformular aus.<\/p>\n\n<div class=\"wpcf7 no-js\" id=\"wpcf7-f6252-o1\" lang=\"de-DE\" dir=\"ltr\" data-wpcf7-id=\"6252\">\n<div class=\"screen-reader-response\"><p role=\"status\" aria-live=\"polite\" aria-atomic=\"true\"><\/p> <ul><\/ul><\/div>\n<form action=\"\/index.php?rest_route=%2Fwp%2Fv2%2Fpages%2F33#wpcf7-f6252-o1\" method=\"post\" class=\"wpcf7-form init\" aria-label=\"Kontaktformular\" novalidate=\"novalidate\" data-status=\"init\">\n<fieldset class=\"hidden-fields-container\"><input type=\"hidden\" name=\"_wpcf7\" value=\"6252\" \/><input type=\"hidden\" name=\"_wpcf7_version\" value=\"6.1.5\" \/><input type=\"hidden\" name=\"_wpcf7_locale\" value=\"de_DE\" \/><input type=\"hidden\" name=\"_wpcf7_unit_tag\" value=\"wpcf7-f6252-o1\" \/><input type=\"hidden\" name=\"_wpcf7_container_post\" value=\"0\" \/><input type=\"hidden\" name=\"_wpcf7_posted_data_hash\" value=\"\" \/>\n<\/fieldset>\n<p><label> Name<br \/>\n<span class=\"wpcf7-form-control-wrap\" data-name=\"your-name\"><input size=\"40\" maxlength=\"400\" class=\"wpcf7-form-control wpcf7-text wpcf7-validates-as-required\" autocomplete=\"name\" aria-required=\"true\" aria-invalid=\"false\" value=\"\" type=\"text\" name=\"your-name\" \/><\/span> <\/label>\n<\/p>\n<p><label> E-Mail-Adresse<br \/>\n<span class=\"wpcf7-form-control-wrap\" data-name=\"your-email\"><input size=\"40\" maxlength=\"400\" class=\"wpcf7-form-control wpcf7-email wpcf7-validates-as-required wpcf7-text wpcf7-validates-as-email\" autocomplete=\"email\" aria-required=\"true\" aria-invalid=\"false\" value=\"\" type=\"email\" name=\"your-email\" \/><\/span> <\/label>\n<\/p>\n<p><label> Betreff<br \/>\n<span class=\"wpcf7-form-control-wrap\" data-name=\"your-subject\"><input size=\"40\" maxlength=\"400\" class=\"wpcf7-form-control wpcf7-text wpcf7-validates-as-required\" aria-required=\"true\" aria-invalid=\"false\" value=\"\" type=\"text\" name=\"your-subject\" \/><\/span> <\/label>\n<\/p>\n<p><label> Nachricht (optional)<br \/>\n<span class=\"wpcf7-form-control-wrap\" data-name=\"your-message\"><textarea cols=\"40\" rows=\"10\" maxlength=\"2000\" class=\"wpcf7-form-control wpcf7-textarea\" aria-invalid=\"false\" name=\"your-message\"><\/textarea><\/span> <\/label>\n<\/p>\n<p><input class=\"wpcf7-form-control wpcf7-submit has-spinner\" type=\"submit\" value=\"Senden\" \/>\n<\/p><div class=\"wpcf7-response-output\" aria-hidden=\"true\"><\/div>\n<\/form>\n<\/div>\n\n<p>Inhaltlich verantwortlich nach \u00a76 MDStV f\u00fcr <a href=\"http:\/\/www.susanneruester.de\" rel=\"nofollow\">http:\/\/www.susanneruester.de<\/a>:<br \/>\nTR Coaching<\/p>\n<p>Trotz sorgf\u00e4ltiger inhaltlicher Kontrolle \u00fcbernehmen wir keine Haftung f\u00fcr die Inhalte externer Links.<br \/>\nF\u00fcr den Inhalt der verlinkten Seiten sind ausschlie\u00dflich deren Betreiber verantwortlich.<\/p>\n<p>TR Coaching<br \/>\nTheresa R\u00fcster, Bergstr. 6, 12169 Berlin<\/p>\n<p>E-Mail: tr-coaching@posteo.de<\/p>\n","protected":false},"excerpt":{"rendered":"<p>Ich freue mich \u00fcber ein Feedback zu meinen B\u00fcchern und Lesungen. Wenn Sie mich f\u00fcr eine Lesung buchen m\u00f6chten, Interesse an Fotos, Rezensionsexemplaren oder Informationen haben, f\u00fcllen Sie gern nachstehendes Kontaktformular aus. Inhaltlich verantwortlich nach \u00a76 MDStV f\u00fcr http:\/\/www.susanneruester.de: TR Coaching Trotz sorgf\u00e4ltiger inhaltlicher Kontrolle \u00fcbernehmen wir keine Haftung f\u00fcr die Inhalte externer Links. F\u00fcr [&hellip;]<\/p>\n","protected":false},"author":1,"featured_media":7282,"parent":0,"menu_order":0,"comment_status":"closed","ping_status":"open","template":"","meta":{"footnotes":""},"class_list":["post-33","page","type-page","status-publish","has-post-thumbnail","hentry"],"jetpack_sharing_enabled":true,"_links":{"self":[{"href":"https:\/\/susanneruester.de\/index.php?rest_route=\/wp\/v2\/pages\/33","targetHints":{"allow":["GET"]}}],"collection":[{"href":"https:\/\/susanneruester.de\/index.php?rest_route=\/wp\/v2\/pages"}],"about":[{"href":"https:\/\/susanneruester.de\/index.php?rest_route=\/wp\/v2\/types\/page"}],"author":[{"embeddable":true,"href":"https:\/\/susanneruester.de\/index.php?rest_route=\/wp\/v2\/users\/1"}],"replies":[{"embeddable":true,"href":"https:\/\/susanneruester.de\/index.php?rest_route=%2Fwp%2Fv2%2Fcomments&post=33"}],"version-history":[{"count":6,"href":"https:\/\/susanneruester.de\/index.php?rest_route=\/wp\/v2\/pages\/33\/revisions"}],"predecessor-version":[{"id":7182,"href":"https:\/\/susanneruester.de\/index.php?rest_route=\/wp\/v2\/pages\/33\/revisions\/7182"}],"wp:featuredmedia":[{"embeddable":true,"href":"https:\/\/susanneruester.de\/index.php?rest_route=\/wp\/v2\/media\/7282"}],"wp:attachment":[{"href":"https:\/\/susanneruester.de\/index.php?rest_route=%2Fwp%2Fv2%2Fmedia&parent=33"}],"curies":[{"name":"wp","href":"https:\/\/api.w.org\/{rel}","templated":true}]}}