{"id":27,"date":"2014-04-11T15:50:47","date_gmt":"2014-04-11T13:50:47","guid":{"rendered":"http:\/\/sruester.wordpress.com\/?page_id=27"},"modified":"2026-03-10T18:08:43","modified_gmt":"2026-03-10T18:08:43","slug":"termine","status":"publish","type":"page","link":"https:\/\/susanneruester.de\/?page_id=27","title":{"rendered":"Termine"},"content":{"rendered":"\n<hr class=\"wp-block-separator has-alpha-channel-opacity\"\/>\n\n\n\n<p><strong>Freitag,&nbsp;27.03.2026 um 18:00 Uhr<\/strong><\/p>\n\n\n\n<p><strong>T\u00d6DLICHE ABRECHNUNG \u2013 Ein Potsdam-Babelsberg-Krimi<\/strong><\/p>\n\n\n\n<p>Susanne R\u00fcster stellt ihren neuen Kriminalroman vor.&nbsp;<br><br>Eine verletzte, nicht krankenversicherte Taxifahrerin wird in der Schlosspark Klinik in Potsdam-Babelsberg nur unzureichend behandelt \u2013 mit dramatischen Folgen. Staatsanw\u00e4ltin Natalia Kaiser nimmt die Klinik genauer unter die Lupe, die in Verdacht steht, betr\u00fcgerisch einen Millionenbetrag gegen\u00fcber den Krankenkassen abgerechnet zu haben.<br>Kurz darauf wird eine Pflegekraft erdrosselt aufgefunden. Kriminalkommissar Michael Pfeil und sein Team treffen auf eine Mauer des Schweigens. Das turbulente Privatleben der get\u00f6teten Pflegerin gibt R\u00e4tsel auf, doch auch in der Klinik brodeln die Konflikte.&nbsp;<br>Als eine \u00c4rztin kritische Fragen stellt, verschwindet sie spurlos. Ist sie das n\u00e4chste Opfer?<\/p>\n\n\n\n<div class=\"wp-block-group\"><div class=\"wp-block-group__inner-container is-layout-constrained wp-block-group-is-layout-constrained\">\n<p>Heidehaus Babelsberg<br>Gro\u00dfbeerenstra\u00dfe 98a<br>14482 Potsdam<br>E-Mail:&nbsp;<a href=\"mailto:info@heidehaus-potsdam.de\" target=\"_blank\" rel=\"noreferrer noopener\">info@heidehaus-potsdam.de<\/a><br>Telefon: 0331 \/ 27374024<br>Internet:&nbsp;<a href=\"https:\/\/www.interlog-ev.net\/\">https:\/\/www.interlog-ev.net\/<\/a><br>Eintritt 5 \u20ac \/erm\u00e4\u00dfigt 3 \u20ac<br>Reservierungen unter&nbsp;<a href=\"mailto:info@havelbooks.de\">info@havelbooks.de<\/a><\/p>\n<\/div><\/div>\n\n\n\n<p><\/p>\n\n\n\n<p><\/p>\n","protected":false},"excerpt":{"rendered":"<p>Freitag,&nbsp;27.03.2026 um 18:00 Uhr T\u00d6DLICHE ABRECHNUNG \u2013 Ein Potsdam-Babelsberg-Krimi Susanne R\u00fcster stellt ihren neuen Kriminalroman vor.&nbsp; Eine verletzte, nicht krankenversicherte Taxifahrerin wird in der Schlosspark Klinik in Potsdam-Babelsberg nur unzureichend behandelt \u2013 mit dramatischen Folgen. Staatsanw\u00e4ltin Natalia Kaiser nimmt die Klinik genauer unter die Lupe, die in Verdacht steht, betr\u00fcgerisch einen Millionenbetrag gegen\u00fcber den Krankenkassen [&hellip;]<\/p>\n","protected":false},"author":1,"featured_media":7282,"parent":0,"menu_order":0,"comment_status":"closed","ping_status":"open","template":"","meta":{"footnotes":""},"class_list":["post-27","page","type-page","status-publish","has-post-thumbnail","hentry"],"jetpack_sharing_enabled":true,"_links":{"self":[{"href":"https:\/\/susanneruester.de\/index.php?rest_route=\/wp\/v2\/pages\/27","targetHints":{"allow":["GET"]}}],"collection":[{"href":"https:\/\/susanneruester.de\/index.php?rest_route=\/wp\/v2\/pages"}],"about":[{"href":"https:\/\/susanneruester.de\/index.php?rest_route=\/wp\/v2\/types\/page"}],"author":[{"embeddable":true,"href":"https:\/\/susanneruester.de\/index.php?rest_route=\/wp\/v2\/users\/1"}],"replies":[{"embeddable":true,"href":"https:\/\/susanneruester.de\/index.php?rest_route=%2Fwp%2Fv2%2Fcomments&post=27"}],"version-history":[{"count":140,"href":"https:\/\/susanneruester.de\/index.php?rest_route=\/wp\/v2\/pages\/27\/revisions"}],"predecessor-version":[{"id":14943,"href":"https:\/\/susanneruester.de\/index.php?rest_route=\/wp\/v2\/pages\/27\/revisions\/14943"}],"wp:featuredmedia":[{"embeddable":true,"href":"https:\/\/susanneruester.de\/index.php?rest_route=\/wp\/v2\/media\/7282"}],"wp:attachment":[{"href":"https:\/\/susanneruester.de\/index.php?rest_route=%2Fwp%2Fv2%2Fmedia&parent=27"}],"curies":[{"name":"wp","href":"https:\/\/api.w.org\/{rel}","templated":true}]}}