{"id":17,"date":"2014-04-11T15:48:49","date_gmt":"2014-04-11T13:48:49","guid":{"rendered":"http:\/\/sruester.wordpress.com\/?page_id=17"},"modified":"2026-03-10T18:07:55","modified_gmt":"2026-03-10T18:07:55","slug":"bucher","status":"publish","type":"page","link":"https:\/\/susanneruester.de\/?page_id=17","title":{"rendered":"B\u00fccher"},"content":{"rendered":"\n<p><strong>NEU: T\u00f6dliche Abrechnung \u2013 Ein Potsdam-Babelsberg-Krimi<br>von Susanne R\u00fcster<\/strong><\/p>\n\n\n<div class=\"wp-block-image\">\n<figure class=\"alignleft size-full is-resized\"><img loading=\"lazy\" decoding=\"async\" width=\"465\" height=\"741\" src=\"https:\/\/susanneruester.de\/wp-content\/uploads\/2026\/03\/Cover-toedlche-Abrechnung_VS_havelbooks-2.png\" alt=\"\" class=\"wp-image-14925\" style=\"aspect-ratio:0.627551840540106;width:224px;height:auto\" srcset=\"https:\/\/susanneruester.de\/wp-content\/uploads\/2026\/03\/Cover-toedlche-Abrechnung_VS_havelbooks-2.png 465w, https:\/\/susanneruester.de\/wp-content\/uploads\/2026\/03\/Cover-toedlche-Abrechnung_VS_havelbooks-2-188x300.png 188w\" sizes=\"auto, (max-width: 465px) 100vw, 465px\" \/><\/figure>\n<\/div>\n\n\n<p>Eine verletzte, nicht krankenversicherte Taxifahrerin wird in der Schlosspark Klinik in Potsdam-Babelsberg&nbsp;nur unzureichend behandelt \u2013 mit dramatischen Folgen. Staatsanw\u00e4ltin Natalia Kaiser nimmt die Klinik genauer unter die Lupe, die im Verdacht steht, betr\u00fcgerisch einen Millionenbetrag gegen\u00fcber den Krankenkassen abgerechnet zu haben.<\/p>\n\n\n\n<p>Kurz darauf wird eine Pflegekraft erdrosselt aufgefunden. Kriminalkommissar Michael Pfeil und sein Team treffen auf eine Mauer des Schweigens. Das turbulente Privatleben der get\u00f6teten Pflegerin gibt R\u00e4tsel auf, doch auch in der Klinik brodeln die Konflikte.\u00a0<\/p>\n\n\n\n<p><\/p>\n\n\n\n<p>Als eine \u00c4rztin kritische Fragen stellt, verschwindet sie spurlos. Ist sie das n\u00e4chste Opfer?<\/p>\n\n\n\n<p>W\u00e4hrend Pfeil und Kaiser fieberhaft nach der Medizinerin suchen, kommen sie sich auch pers\u00f6nlich n\u00e4her. Zugleich spitzt sich der Fall zu und konfrontiert beide mit den Schattenseiten eines Systems, in dem wirtschaftliche Interessen und medizinische Verantwortung aufeinanderprallen.<\/p>\n\n\n\n<p><strong><a href=\"https:\/\/havelbooks.de\/produkt\/kriminalroman-toedliche-abrechnung-ein-potsdam-babelsberg-krimi\/\">havelbooks, Potsdam, 2026, Softklappcover, 276 Seiten&nbsp;<br>13,90 \u20ac inkl. Mwst. zzgl. Versandkosten,&nbsp;<br>ISBN 978-3-98284-390-2<\/a><\/strong><\/p>\n\n\n\n<hr class=\"wp-block-separator has-alpha-channel-opacity\"\/>\n\n\n\n<div class=\"wp-block-group\"><div class=\"wp-block-group__inner-container is-layout-constrained wp-block-group-is-layout-constrained\">\n<div class=\"wp-block-group\"><div class=\"wp-block-group__inner-container is-layout-constrained wp-block-group-is-layout-constrained\">\n<p style=\"text-align: left;\"><strong>Hier erhalten Sie eine \u00dcbersicht meiner B\u00fccher.<\/strong><\/p>\n<p>Auf Wunsch signiere ich Ihnen diese gerne. Anfrage bitte \u00fcber mein <a href=\"https:\/\/susanneruester.de\/?page_id=33\">Kontaktformular<\/a>.<\/p>\n<hr \/>\n<h4><strong>Zerst\u00f6ckelt. Eine t\u00f6dliche Anthologie. Hg. v. Susanne R\u00fcster, Heidi Ramlow und Ria Klug<\/strong><\/h4>\n<p><strong><img loading=\"lazy\" decoding=\"async\" class=\"wp-image-3564 alignleft\" src=\"https:\/\/susanneruester.de\/wp-content\/uploads\/2021\/08\/covert-zerstoe-3000.jpg\" alt=\"covert-zerstoe-3000\" width=\"148\" height=\"208\" \/><\/strong>25 Jahre M\u00f6rderische Schwestern Berlin e.V.<\/p>\n<p><strong>Susanne R\u00fcster, &#8222;Abrisshaus&#8220;:\u00a0 <\/strong>Luxussanierung in Berlin &#8211; aber ein paar Hausbesetzer wehren sich mit einer ausgefallenen Idee.<\/p>\n<p>&#8222;Wir wollten nicht mehr die Welt retten. Aber zumindest unseren Kiez.&#8220;<\/p>\n<p>Verlag periplaneta, Edition Totengr\u00e4ber, ISBN 9-783959-962230<\/p>\n<hr \/>\n<h4><strong>RaubLust<\/strong><\/h4>\n<p><img loading=\"lazy\" decoding=\"async\" class=\"  wp-image-902 alignleft\" src=\"https:\/\/susanneruester.de\/wp-content\/uploads\/2019\/01\/ruester-raublust-cover-klein.png\" alt=\"r\u00fcster-raublust-cover-klein\" width=\"151\" height=\"239\" srcset=\"https:\/\/susanneruester.de\/wp-content\/uploads\/2019\/01\/ruester-raublust-cover-klein.png 284w, https:\/\/susanneruester.de\/wp-content\/uploads\/2019\/01\/ruester-raublust-cover-klein-190x300.png 190w\" sizes=\"auto, (max-width: 151px) 100vw, 151px\" \/><\/p>\n<p>Eine Investigativ-Journalistin, die Verbrechen der NS-Raubkunst auf der Spur war, wird ermordet. Der Potsdamer Kommissar Uwe Wolff ermittelt in der ihm fremden K\u00fcnstler- und Galeristen-Szene Potsdams. Als eine Insiderin abtaucht und die Erbin eines bedeutenden Bilder-Sammlers entf\u00fchrt wird, erkennt Wolff, dass die kriminellen Gesch\u00e4fte mit Kunstwerken weit \u00fcber die Grenzen Potsdams hinausreichen. Die Jagd auf die unbekannten Drahtzieher beginnt.<\/p>\n<p>Bild und Heimat, 2019, ISBN 978-3-95958-202-5<\/p>\n<hr \/>\n<h4 style=\"text-align: left;\"><strong>Landj\u00e4ger<\/strong><\/h4>\n<p><a href=\"https:\/\/www.bild-und-heimat.de\/buch\/sku\/1936876\/landjaeger.html\"><img loading=\"lazy\" decoding=\"async\" class=\"alignleft wp-image-226\" src=\"https:\/\/susanneruester.de\/wp-content\/uploads\/2017\/07\/ruester_landjaeger_potsdam.jpg?w=189\" alt=\"\" width=\"146\" height=\"231\" srcset=\"https:\/\/susanneruester.de\/wp-content\/uploads\/2017\/07\/ruester_landjaeger_potsdam.jpg 404w, https:\/\/susanneruester.de\/wp-content\/uploads\/2017\/07\/ruester_landjaeger_potsdam-189x300.jpg 189w\" sizes=\"auto, (max-width: 146px) 100vw, 146px\" \/><\/a><em>Tr\u00fcgerische Idylle <\/em><\/p>\n<p>In einem Schwimmbad wird die Regierungsr\u00e4tin der Bauverwaltung Milena Vogt tot aufgefunden. Die Indizien sprechen f\u00fcr Mord, glaubt der Potsdamer Kriminalhauptkommissar Uwe Wolff. Gibt es einen Zusammenhang zwischen dem Tod der erfolgreichen jungen Frau und dem Umbau des Bades zur Luxustherme? Vogt hatte den Bau nicht genehmigt und damit den \u00c4rger des aalglatten Immobilien-Unternehmers Bergmann und seiner Noch-Ehefrau Linda auf sich gezogen. Auch dem B\u00fcrgermeister der brandenburgischen Gemeinde kommt Vogts Abgang zupass, weil sie ihm bei den bevorstehenden Wahlen das Amt streitig machen wollte, ebenso ihrem nachr\u00fcckenden Stellvertreter im Bauamt. Schlie\u00dflich gibt es noch Ina Kowalski, die mit dem undurchsichtigen Umweltaktivisten Kai Nehrkorn auf ihrem Pferdehof wohnt und mit Milena aus fr\u00fcheren Zeiten ein H\u00fchnchen zu rupfen hat. Nach und nach st\u00f6\u00dft Wolff auf pikante Details in Milena Vogts Vergangenheit. Da geschieht ein zweiter Mord, der alles in einem neuen Licht erscheinen l\u00e4sst \u2026<\/p>\n<p>Bild und Heimat, 2019, 2. Auflage, ISBN 978-3-95958-112-7<\/p>\n<hr \/>\n<h4 style=\"text-align: left;\"><strong>Abgedreht<\/strong><\/h4>\n<p style=\"text-align: left;\"><img loading=\"lazy\" decoding=\"async\" class=\"alignleft  wp-image-149\" src=\"https:\/\/susanneruester.de\/wp-content\/uploads\/2015\/09\/015_ruester_abgedreht_us_print.jpg\" alt=\"015_Ruester_Abgedreht_US_print\" width=\"146\" height=\"231\" \/><\/p>\n<p style=\"text-align: left;\">Die bekannte Film- und Fernsehschauspielerin Sophie Graf wird ermordet im Garten ihrer Villa aufgefunden. F\u00fcr Hauptkommissar Wolff und seine Kollegen steht schnell fest, dass der T\u00e4ter nur der Ehemann des Opfers sein kann: Daniel Brandt, erfolgloser Drehbuchautor und Schriftsteller, hat kein Alibi, au\u00dferdem berichten Nachbarn und Bekannte von heftigen Auseinandersetzungen zwischen ihm und seiner Frau. Die junge Anw\u00e4ltin Verena Starke verfolgt eine andere Spur und kann doch nicht verhindern, dass Brandt von der Kripo verhaftet wird. Als dann aber ein zweiter Mord geschieht,scheint alles wieder offen \u2026<\/p>\n<p style=\"text-align: left;\">Bild und Heimat, 2019, 2. Auflage, ISBN 978-3959580151<\/p>\n<hr \/>\n<h4 style=\"text-align: left;\"><strong>Zu hoch hinaus <\/strong><\/h4>\n<p style=\"text-align: left;\">Rote Fah<a href=\"http:\/\/partners.webmasterplan.com\/click.asp?ref=742544&amp;site=9138&amp;type=text&amp;tnb=189&amp;diurl=http%3A\/\/www.thalia.de\/shop\/home\/suchartikel\/zu_hoch_hinaus\/susanne_ruester\/EAN9783954004492\/ID40368022.html%3FjumpId%3D24743056%26suchId%3D8361b7e1-e44c-411e-80a9-adeef32bf2c7\" target=\"_blank\" rel=\"noopener\"><img loading=\"lazy\" decoding=\"async\" class=\" wp-image-103 alignleft\" src=\"https:\/\/susanneruester.de\/wp-content\/uploads\/2014\/12\/cover.jpg?w=192\" alt=\"cover\" width=\"144\" height=\"225\" srcset=\"https:\/\/susanneruester.de\/wp-content\/uploads\/2014\/12\/cover.jpg 221w, https:\/\/susanneruester.de\/wp-content\/uploads\/2014\/12\/cover-192x300.jpg 192w\" sizes=\"auto, (max-width: 144px) 100vw, 144px\" \/><\/a>ne. Das Kartrennen wird abgebrochen. Polina Karova h\u00e4ngt reglos \u00fcber dem Lenkrad. Aus ihrer Nase rinnt Blut. \u2013 Fremdverschulden nicht ausgeschlossen. Es ist das j\u00e4he Ende des Rennens, das die Berliner Baufirma Karstaedt &amp; Theissen anl\u00e4sslich ihres Gesch\u00e4ftsjubil\u00e4ums veranstaltet hat. Kriminalr\u00e4tin Marion Kraefft st\u00f6\u00dft im Umfeld der Toten auf Eifersucht, Rache, die Stasi und sogar die russische Mafia. Wem kann sie vertrauen?<\/p>\n<p style=\"text-align: left;\">Sutton Verlag GmbH, 2015,\u00a0 ISBN 978-3954004492<\/p>\n<hr \/>\n<h4 style=\"text-align: left;\"><strong>Der letzte Tanz \u2013 Kreuzberg explosiv. Roman<\/strong><\/h4>\n<p><a href=\"http:\/\/partners.webmasterplan.com\/click.asp?ref=742544&amp;site=9138&amp;type=text&amp;tnb=189&amp;diurl=http%3A\/\/www.thalia.de\/shop\/home\/suchartikel\/der_letzte_tanz\/susanne_ruester\/EAN9783937881133\/ID30898669.html%3FjumpId%3D24741182%26suchId%3D47188ef0-d344-48f4-8c24-eb5742cb49d7\"><img loading=\"lazy\" decoding=\"async\" class=\"alignleft wp-image-57 \" src=\"https:\/\/susanneruester.de\/wp-content\/uploads\/2014\/04\/rc3bcster_der-letzte-tanz.jpg\" alt=\"R\u00fcster_Der-letzte-Tanz\" width=\"144\" height=\"221\" \/><\/a>Eine Gasexplosion zerst\u00f6rt eine von K\u00fcnstlern besetzte Fabrik. Eine T\u00e4nzerin wird get\u00f6tet. Staatsanw\u00e4ltin Natalia Kaiser und Kommissar Michael Pfeil ermitteln im Spannungsfeld von Immobilienunternehmen und Kiezaktivisten. Da geschieht ein weiteres Verbrechen, das alle bisherigen Ermittlungen fraglich erscheinen l\u00e4sst.<\/p>\n<p>edition karo, im Verlag Josefine Rosalski, 2012, ISBN 978-3-937881-13-3<\/p>\n<hr \/>\n<p><strong>Kurzkrimis<\/strong><strong>: <\/strong><\/p>\n<h4 style=\"text-align: left;\"><strong>13 Millionen Schwarzgeld oder wie ich das Berliner Haushaltsloch stopfen wollte <\/strong><\/h4>\n<p><img loading=\"lazy\" decoding=\"async\" class=\"alignleft size-medium wp-image-9944\" src=\"https:\/\/susanneruester.de\/wp-content\/uploads\/2024\/10\/image-184x300.jpeg\" alt=\"\" width=\"184\" height=\"300\" srcset=\"https:\/\/susanneruester.de\/wp-content\/uploads\/2024\/10\/image-184x300.jpeg 184w, https:\/\/susanneruester.de\/wp-content\/uploads\/2024\/10\/image.jpeg 372w\" sizes=\"auto, (max-width: 184px) 100vw, 184px\" \/>Fahnderin Britta Fuchs hat mit einer Steuer-CD dem Immobilien-Hai fast das betr\u00fcgerische Handwerk gelegt, da dreht er den Spie\u00df um. Aber Britta hat eine ebenso geniale wie k\u00e4mpferische Idee \u2026<\/p>\n<p>in <strong>Mausetot in Spreeathen <\/strong>die Anthologie zum Krimi-Marathon Berlin 2013<\/p>\n<p>Hrsg. Stephan H\u00e4hnel, Jan Eik, Buchvolkverlag 2013, ISBN 978-3-9815604-9-7<\/p>\n<hr \/>\n<h4><strong>Kurswechsel<\/strong><\/h4>\n<p><em><img loading=\"lazy\" decoding=\"async\" class=\"alignleft size-full wp-image-9946\" src=\"https:\/\/susanneruester.de\/wp-content\/uploads\/2024\/10\/Susanne-Website_Tote-wie-Sand.jpg\" alt=\"\" width=\"174\" height=\"267\" \/>Polizei-Irrtum! Verenas M\u00f6rder lebt! <\/em>Ein anonymer Hinweis f\u00fchrt die pensionierte Kommissarin Marion Kaempf in einen traditionellen Segel-Club, wo M\u00e4nnerfreundschaften noch eine wichtige Rolle spielen \u2026<\/p>\n<p>In <strong>TOTE WIE SAND AM MEER\u00a0 &#8211; <em>Mord und Totschlag im Urlaubsparadies &#8211;<\/em><\/strong><\/p>\n<p>edition karo, Berlin, M\u00e4rz 2014, ISBN 978-3-937881-15-7<\/p>\n<hr \/>\n<h4 style=\"text-align: left;\"><strong>Bullenbibel<\/strong><\/h4>\n<p><strong><img loading=\"lazy\" decoding=\"async\" id=\"main-image\" class=\"alignleft\" style=\"display: inline; cursor: pointer;\" src=\"http:\/\/ecx.images-amazon.com\/images\/I\/5185J3XQacL._.jpg\" alt=\"\" width=\"173\" height=\"267\" \/><\/strong>Die Geschichte einer m\u00e4rchenhaften Karriere oder die gef\u00e4hrlichste Frau der Stadt<\/p>\n<p>in: <strong>Mit Zorn, Charme und Methode.<\/strong><\/p>\n<p>Hrsg. Pieke Biermann. Fischer, Frankfurt 1992<\/p>\n<h4>\u00a0<\/h4>\n<hr \/>\n<h4><strong>I<\/strong><strong>hr gutes Geld in besten H\u00e4nden<\/strong><strong><br \/><\/strong><\/h4>\n<p><strong><img loading=\"lazy\" decoding=\"async\" id=\"main-image\" class=\"alignleft\" style=\"display: inline; cursor: pointer;\" src=\"http:\/\/ecx.images-amazon.com\/images\/I\/512nU0%2B4uOL._.jpg\" alt=\"\" width=\"170\" height=\"256\" \/><\/strong>Sie plaziert sich selbst, das hat sie sich schon als Kind vorgenommen.<\/p>\n<p>in: <strong>Wilde Weiber GmbH.<\/strong><\/p>\n<p>Hrsg. Pieke Biermann. Fischer, Frankfurt 1993<\/p>\n<h4>\u00a0<\/h4>\n<hr \/>\n<h4 style=\"text-align: left;\"><strong>Partnerinnen<\/strong><\/h4>\n<p><img loading=\"lazy\" decoding=\"async\" class=\"size-full wp-image-8697 alignleft\" src=\"https:\/\/susanneruester.de\/wp-content\/uploads\/2024\/03\/Buecher_Partnerinnen_Criminals.jpg\" alt=\"\" width=\"162\" height=\"257\" \/><br \/>Zwei Partner-Rechtsanw\u00e4ltinnen arbeiten \u00e4u\u00dferst erfolgreich zusammen. Bis eine von beiden zu viel ist \u2026<\/p>\n<p>in: <strong>criMinalis, Magazin f\u00fcr Krimifreunde<\/strong><\/p>\n<p>Capricorn Literaturverlag, Telgte 2004\/ 2005, 9,00 \u20ac, ISSN 1619-604<\/p>\n<h4>\u00a0<\/h4>\n<hr \/>\n<h4 style=\"text-align: left;\"><strong>Enttarnt<\/strong><\/h4>\n<h4 style=\"text-align: left;\"><strong><img loading=\"lazy\" decoding=\"async\" class=\"decoded alignleft\" src=\"http:\/\/www.sabine-alt.de\/img\/big\/berliner_morde.jpg\" alt=\"http:\/\/www.sabine-alt.de\/img\/big\/berliner_morde.jpg\" width=\"160\" height=\"243\" \/><\/strong><\/h4>\n<p>Er war ihr Stasi-F\u00fchrungsoffizier. Sie liebte ihn, er setzte sich ab. Nach der Wiedervereinigung beginnt Lenas Rachefeldzug.<\/p>\n<p>in: <strong>Berliner Morde<\/strong><\/p>\n<p>Hrsg. Dietlind Kreber, 240 S., Broschiert; 12,80 \u20ac.<\/p>\n<p>Wellh\u00f6fer Verlag, Mannheim, 2009, ISBN 978-3-939-54035-9<\/p>\n<hr \/>\n<h4 style=\"text-align: left;\"><strong>Kreuze im Kaffeesatz<\/strong><\/h4>\n<p><a href=\"http:\/\/partners.webmasterplan.com\/click.asp?ref=742544&amp;site=9138&amp;type=text&amp;tnb=189&amp;diurl=http%3A\/\/www.thalia.de\/shop\/home\/suggestartikel\/ID18422241.html%3Fsswg%3DBUCH%26sq%3DSchneefl%25F6ckchen%2C%2520Mordsgl%25F6ckchen\"><img loading=\"lazy\" decoding=\"async\" class=\"alignleft wp-image-58 \" src=\"https:\/\/susanneruester.de\/wp-content\/uploads\/2014\/04\/image009.jpg\" alt=\"image009\" width=\"148\" height=\"223\" \/><\/a>Eine junge Frau mit Migrationshintergrund und kleinkrimineller Vergangenheit will ehrlich werden. Eine Leiche auf dem Teppich ihrer Schwester st\u00f6rt sie in ihrem neuen Gewerbe als Wahrsagerin \u2026<\/p>\n<p>in: <strong>Schneefl\u00f6ckchen, Mordsgl\u00f6ckchen \u2013 Berliner Weihnachtskrimis\u00a0&#8211; Karokrimipreis 2009,<\/strong><\/p>\n<p>edition karo, Berlin, 2009, 13,95 \u20ac, ISBN 978-3-937881-09-6<\/p>\n<hr \/>\n<h4><strong>Seidentuch <\/strong><\/h4>\n<p><a href=\"https:\/\/susanneruester.de\/wp-content\/uploads\/2014\/04\/capa_07-200x300-1.jpg\"><img loading=\"lazy\" decoding=\"async\" class=\"alignleft wp-image-59 \" src=\"https:\/\/susanneruester.de\/wp-content\/uploads\/2014\/04\/capa_07-200x300-1.jpg?w=100\" alt=\"CAPA_07-200x300\" width=\"132\" height=\"199\" \/><\/a>Die Journalistin Anne K\u00f6nig hat eine Reportage \u00fcber ungekl\u00e4rte Sexualmorde geschrieben. Jetzt meldet sich der M\u00f6rder.<\/p>\n<p>in <strong>Spuren, 5. ALFA-Multi-Media-Wettbewerb\u201d,<\/strong><\/p>\n<p>edition ALFA, Portugal, 13,95 \u20ac, ISBN 978-989-95665-3-8<\/p>\n<h4>\u00a0<\/h4>\n<hr \/>\n<h4 style=\"text-align: left;\"><strong>Abgest\u00fcrzt <\/strong><\/h4>\n<p><img \/><img loading=\"lazy\" decoding=\"async\" id=\"main-image\" class=\"alignleft\" style=\"display: inline; cursor: pointer;\" src=\"http:\/\/ecx.images-amazon.com\/images\/I\/51TNfGlpFDL._SY445_.jpg\" alt=\"\" width=\"156\" height=\"242\" \/>Die Stiefschwestern Ute und Beatrice verfolgen entgegen gesetzte Ziele. Das geht gut, bis sie als Gegnerinnen aufeinander treffen. Jetzt kann nur eine sich durchsetzen \u2026<\/p>\n<p>in <strong>Der Taunus l\u00e4sst b\u00fc\u00dfen, <\/strong><\/p>\n<p>Sigrid B\u00f6hme Verlag, Selters, 8.90 \u20ac, ISBN 978-3-9811229-9-2<\/p>\n<h4>\u00a0<\/h4>\n<hr \/>\n<h4 style=\"text-align: left;\"><strong>Mat\u00e9 \u2013 Kampfende<\/strong><\/h4>\n<p><img loading=\"lazy\" decoding=\"async\" id=\"main-image\" class=\"alignleft\" style=\"display: inline; cursor: pointer;\" src=\"http:\/\/ecx.images-amazon.com\/images\/I\/418Es0jG9SL._SY445_.jpg\" alt=\"\" width=\"160\" height=\"252\" \/>Britta ist Judomeisterin und erfolgreiche Gesch\u00e4ftsfrau. Aber sie hat eine Schwachstelle: Diabetes. Die macht sich ihr vernachl\u00e4ssigter Mann zunutze.<\/p>\n<p>in <strong>Wandel, <em>6. ALFA-Multi-Media-Wettbewerb<\/em><\/strong>,<\/p>\n<p>edition ALFA, Portugal, 2011, ISBN 978-989-95665-4-5<\/p>\n<h4>\u00a0<\/h4>\n<hr \/>\n<h4 style=\"text-align: left;\"><strong>Einladung zum Dinner<br \/><\/strong><\/h4>\n<p><img loading=\"lazy\" decoding=\"async\" class=\"  wp-image-2865 alignleft\" src=\"https:\/\/susanneruester.de\/wp-content\/uploads\/2020\/06\/lieber-guter-weihnachtsmann.jpg\" alt=\"lieber guter weihnachtsmann\" width=\"162\" height=\"243\" srcset=\"https:\/\/susanneruester.de\/wp-content\/uploads\/2020\/06\/lieber-guter-weihnachtsmann.jpg 1139w, https:\/\/susanneruester.de\/wp-content\/uploads\/2020\/06\/lieber-guter-weihnachtsmann-200x300.jpg 200w, https:\/\/susanneruester.de\/wp-content\/uploads\/2020\/06\/lieber-guter-weihnachtsmann-684x1024.jpg 684w, https:\/\/susanneruester.de\/wp-content\/uploads\/2020\/06\/lieber-guter-weihnachtsmann-768x1150.jpg 768w, https:\/\/susanneruester.de\/wp-content\/uploads\/2020\/06\/lieber-guter-weihnachtsmann-1026x1536.jpg 1026w\" sizes=\"auto, (max-width: 162px) 100vw, 162px\" \/>F\u00fcnf \u00e4ltere, (gar nicht so) feine Damen kochen gemeinsam und tauschen spezielle Erinnerungen aus.<\/p>\n<p>in <strong>Lieber guter Weihnachtsmann, schau mich nicht so b\u00f6se an<br \/><\/strong><\/p>\n<address><strong>3. Platz im Karokrimipreis 2011<\/strong><\/address>\n<p>edition karo, Berlin, ISBN 978-3-937881-10-2<\/p>\n<p><strong>Nr. 7964\/15 verabschiedet sich<\/strong><\/p>\n<p>Langzeitarbeitslose Mariam Kraefft findet unverhofft ihre Berufung als Maklerin. Sie hilft schlie\u00dflich ihrer Freundin deren Haus verkaufstauglich zu machen, indem sie Inventar besonderer Art entfernt.<\/p>\n<p>Ver\u00f6ffentlicht auf dem Blog Immobilienverband IVD, 2017<\/p>\n<hr \/>\n<\/div><\/div>\n<\/div><\/div>\n\n\n\n<p><\/p>\n\n\n\n<p><\/p>\n\n\n\n<p><\/p>\n","protected":false},"excerpt":{"rendered":"<p>NEU: T\u00f6dliche Abrechnung \u2013 Ein Potsdam-Babelsberg-Krimivon Susanne R\u00fcster Eine verletzte, nicht krankenversicherte Taxifahrerin wird in der Schlosspark Klinik in Potsdam-Babelsberg&nbsp;nur unzureichend behandelt \u2013 mit dramatischen Folgen. Staatsanw\u00e4ltin Natalia Kaiser nimmt die Klinik genauer unter die Lupe, die im Verdacht steht, betr\u00fcgerisch einen Millionenbetrag gegen\u00fcber den Krankenkassen abgerechnet zu haben. Kurz darauf wird eine Pflegekraft erdrosselt [&hellip;]<\/p>\n","protected":false},"author":1,"featured_media":7343,"parent":0,"menu_order":0,"comment_status":"closed","ping_status":"open","template":"","meta":{"footnotes":""},"class_list":["post-17","page","type-page","status-publish","has-post-thumbnail","hentry"],"jetpack_sharing_enabled":true,"_links":{"self":[{"href":"https:\/\/susanneruester.de\/index.php?rest_route=\/wp\/v2\/pages\/17","targetHints":{"allow":["GET"]}}],"collection":[{"href":"https:\/\/susanneruester.de\/index.php?rest_route=\/wp\/v2\/pages"}],"about":[{"href":"https:\/\/susanneruester.de\/index.php?rest_route=\/wp\/v2\/types\/page"}],"author":[{"embeddable":true,"href":"https:\/\/susanneruester.de\/index.php?rest_route=\/wp\/v2\/users\/1"}],"replies":[{"embeddable":true,"href":"https:\/\/susanneruester.de\/index.php?rest_route=%2Fwp%2Fv2%2Fcomments&post=17"}],"version-history":[{"count":51,"href":"https:\/\/susanneruester.de\/index.php?rest_route=\/wp\/v2\/pages\/17\/revisions"}],"predecessor-version":[{"id":14942,"href":"https:\/\/susanneruester.de\/index.php?rest_route=\/wp\/v2\/pages\/17\/revisions\/14942"}],"wp:featuredmedia":[{"embeddable":true,"href":"https:\/\/susanneruester.de\/index.php?rest_route=\/wp\/v2\/media\/7343"}],"wp:attachment":[{"href":"https:\/\/susanneruester.de\/index.php?rest_route=%2Fwp%2Fv2%2Fmedia&parent=17"}],"curies":[{"name":"wp","href":"https:\/\/api.w.org\/{rel}","templated":true}]}}